{"id":26461,"date":"2022-04-01T15:09:48","date_gmt":"2022-04-01T15:09:48","guid":{"rendered":"https:\/\/www.pulheimtv.de\/wp\/?page_id=26461"},"modified":"2022-04-18T16:34:26","modified_gmt":"2022-04-18T16:34:26","slug":"aktuell_neu","status":"publish","type":"page","link":"https:\/\/www.pulheimtv.de\/wp\/aktuell_neu\/","title":{"rendered":"aktuell_neu"},"content":{"rendered":"\n  \n    \n    <section class=\"u-clearfix u-palette-1-light-2 u-section-2\" id=\"sec-894c\">\n      <div class=\"u-clearfix u-sheet u-valign-bottom-xl u-valign-middle-lg u-valign-middle-md u-valign-middle-sm u-valign-middle-xs u-sheet-1\">\n        <img class=\"u-align-center u-expanded-width u-image u-image-default lazyload u-image-1\" alt=\"\" data-image-width=\"2700\" data-image-height=\"400\" data-src=\"https:\/\/www.pulheimtv.de\/wp\/wp-content\/uploads\/2022\/04\/ptv_silhouette_ohne_01.png\">\n      <\/div>\n    <\/section>\n    <section class=\"u-clearfix u-palette-1-base u-section-3\" id=\"sec-2677\">\n      <div class=\"u-border-2 u-border-palette-5-base u-expanded-width u-line u-line-horizontal u-line-1\"><\/div>\n      <h2 class=\"u-align-center u-text u-text-1\">Stadtblatt aktuell<\/h2>\n    <\/section>\n    <section class=\"u-clearfix u-palette-1-light-3 u-section-4\" id=\"sec-ca88\">\n      <div class=\"u-clearfix u-sheet u-valign-middle-md u-valign-middle-sm u-valign-middle-xs u-sheet-1\">\n        <div class=\"u-clearfix u-expanded-width u-gutter-20 u-layout-wrap u-layout-wrap-1\">\n          <div class=\"u-layout\">\n            <div class=\"u-layout-row\">\n              <div class=\"u-container-style u-layout-cell u-size-60 u-white u-layout-cell-1\">\n                <div class=\"u-container-layout u-valign-bottom-sm u-valign-bottom-xl u-valign-bottom-xs u-valign-middle-lg u-valign-middle-md u-container-layout-1\">\n                  <div class=\"u-shortcode u-shortcode-1\"><style>.wp-show-posts-columns#wpsp-26460 {margin-left: -2em; }.wp-show-posts-columns#wpsp-26460 .wp-show-posts-inner {margin: 0 0 2em 2em; }<\/style><section id=\"wpsp-26460\" class=\" wp-show-posts-columns wp-show-posts\" style=\"\"><article class=\" wp-show-posts-single post-24318 post type-post status-publish format-standard has-post-thumbnail hentry category-aktuell category-stadtblatt wpsp-col-3\" itemtype=\"http:\/\/schema.org\/CreativeWork\" itemscope><div class=\"wp-show-posts-inner\" style=\"\">\t\t<div class=\"wp-show-posts-image  wpsp-image-center \">\n\t\t\t<a href=\"https:\/\/www.pulheimtv.de\/wp\/neuer-einsteigerkurs-inb-kampfkunstakademie-shirai-dormagen-e-v\/\"  title=\"Neuer Einsteigerkurs in &#8222;Kampfkunstakademie Shirai Dormagen e.V.&#8220;\">\t\t\t\t\t<img src=\"https:\/\/www.pulheimtv.de\/wp\/wp-content\/uploads\/2022\/02\/Kampfkunstakademie_Shirai_Dormagen_e-scaled-800x450.jpg\" alt=\"Neuer Einsteigerkurs in &#8222;Kampfkunstakademie Shirai Dormagen e.V.&#8220;\" itemprop=\"image\" class=\"center\" \/>\n\t\t\t\t<\/a>\t\t<\/div>\n\t\t\t\t\t\t\t\t<header class=\"wp-show-posts-entry-header\">\n\t\t\t\t\t\t\t<h5 class=\"wp-show-posts-entry-title\" itemprop=\"headline\"><a href=\"https:\/\/www.pulheimtv.de\/wp\/neuer-einsteigerkurs-inb-kampfkunstakademie-shirai-dormagen-e-v\/\" rel=\"bookmark\">Neuer Einsteigerkurs in &#8222;Kampfkunstakademie Shirai Dormagen e.V.&#8220;<\/a><\/h5>\t\t\t\t\t\t<\/header><!-- .entry-header -->\n\t\t\t\t\t\t\t\t\t\t\t<div class=\"wp-show-posts-entry-summary\" itemprop=\"text\">\n\t\t\t\t\t\t\t<p>Der Karateverein &#8222;Kampfkunstakademie Shirai Dormagen e.V.&#8220; bietet ab dem 9. M\u00e4rz nach langer pandemiebedingter Pause wieder zehnw\u00f6chige Einstiegs- und Schnupperseminare &#8222;Karate f\u00fcr Jung und Alt&#8220; im Horremer Dojo an. &#8222;Karate bereitet jedem Teilnehmer den Weg zur Verbesserung des Lebensgef\u00fchls &#8211;&#8230;<\/p>\n\t\t\t\t\t\t<\/div><!-- .entry-summary -->\n\t\t\t\t\t<\/div><!-- wp-show-posts-inner --><\/article><article class=\" wp-show-posts-single post-24315 post type-post status-publish format-standard has-post-thumbnail hentry category-aktuell category-stadtblatt wpsp-col-3\" itemtype=\"http:\/\/schema.org\/CreativeWork\" itemscope><div class=\"wp-show-posts-inner\" style=\"\">\t\t<div class=\"wp-show-posts-image  wpsp-image-center \">\n\t\t\t<a href=\"https:\/\/www.pulheimtv.de\/wp\/moderne-sportstaette-2022-foerderung-fuer-den-pulheimer-sc\/\"  title=\"Moderne Sportst\u00e4tte 2022 &#8211; F\u00f6rderung f\u00fcr den Pulheimer SC\">\t\t\t\t\t<img src=\"https:\/\/www.pulheimtv.de\/wp\/wp-content\/uploads\/2022\/02\/274097918_4860779880635119_5369474148041269065_n-800x450.jpg\" alt=\"Moderne Sportst\u00e4tte 2022 &#8211; F\u00f6rderung f\u00fcr den Pulheimer SC\" itemprop=\"image\" class=\"center\" \/>\n\t\t\t\t<\/a>\t\t<\/div>\n\t\t\t\t\t\t\t\t<header class=\"wp-show-posts-entry-header\">\n\t\t\t\t\t\t\t<h5 class=\"wp-show-posts-entry-title\" itemprop=\"headline\"><a href=\"https:\/\/www.pulheimtv.de\/wp\/moderne-sportstaette-2022-foerderung-fuer-den-pulheimer-sc\/\" rel=\"bookmark\">Moderne Sportst\u00e4tte 2022 &#8211; F\u00f6rderung f\u00fcr den Pulheimer SC<\/a><\/h5>\t\t\t\t\t\t<\/header><!-- .entry-header -->\n\t\t\t\t\t\t\t\t\t\t\t<div class=\"wp-show-posts-entry-summary\" itemprop=\"text\">\n\t\t\t\t\t\t\t<p>Moderne Sportst\u00e4tte 2022 &#8211; F\u00f6rderung f\u00fcr den Pulheimer SCCDU-Landtagsabgeordnete Romina Plonsker: \u201eGut ausgebaute Sportst\u00e4tten sind ein wichtiger Bestandteil der kommunalen Infrastruktur und essenziell f\u00fcr die Zukunft des Sports in Nordrhein-Westfalen.\u201cDie Tennisfreunde des Pulheimer Sport-Club 1924\/ 57 e.V. k\u00f6nnen sich \u00fcber&#8230;<\/p>\n\t\t\t\t\t\t<\/div><!-- .entry-summary -->\n\t\t\t\t\t<\/div><!-- wp-show-posts-inner --><\/article><article class=\" wp-show-posts-single post-24311 post type-post status-publish format-standard has-post-thumbnail hentry category-aktuell category-stadtblatt wpsp-col-3\" itemtype=\"http:\/\/schema.org\/CreativeWork\" itemscope><div class=\"wp-show-posts-inner\" style=\"\">\t\t<div class=\"wp-show-posts-image  wpsp-image-center \">\n\t\t\t<a href=\"https:\/\/www.pulheimtv.de\/wp\/sturm-zeynep-zerstoert-flachdach-in-pulheim-und-entwurzelt-baeume\/\"  title=\"Sturm Zeynep zerst\u00f6rt Flachdach in Pulheim und entwurzelt B\u00e4ume\">\t\t\t\t\t<img src=\"https:\/\/www.pulheimtv.de\/wp\/wp-content\/uploads\/2022\/02\/DSC_3815_1_m-scaled-800x450.jpg\" alt=\"Sturm Zeynep zerst\u00f6rt Flachdach in Pulheim und entwurzelt B\u00e4ume\" itemprop=\"image\" class=\"center\" \/>\n\t\t\t\t<\/a>\t\t<\/div>\n\t\t\t\t\t\t\t\t<header class=\"wp-show-posts-entry-header\">\n\t\t\t\t\t\t\t<h5 class=\"wp-show-posts-entry-title\" itemprop=\"headline\"><a href=\"https:\/\/www.pulheimtv.de\/wp\/sturm-zeynep-zerstoert-flachdach-in-pulheim-und-entwurzelt-baeume\/\" rel=\"bookmark\">Sturm Zeynep zerst\u00f6rt Flachdach in Pulheim und entwurzelt B\u00e4ume<\/a><\/h5>\t\t\t\t\t\t<\/header><!-- .entry-header -->\n\t\t\t\t\t\t\t\t\t\t\t<div class=\"wp-show-posts-entry-summary\" itemprop=\"text\">\n\t\t\t\t\t\t\t<p>Durch das Sturmtief Zeynep wurden am Freitagabend B\u00e4ume entwurzelt und einzelne Geb\u00e4ude teils erheblich besch\u00e4digt. Im Pulheimer Ortskern wurde das Flachdach eines Mehrfamilienhauses total zerst\u00f6rt. Bereits im Laufe des Nachmittags war die Feuerwehr der Stadt Pulheim durch die Ausl\u00f6sung von&#8230;<\/p>\n\t\t\t\t\t\t<\/div><!-- .entry-summary -->\n\t\t\t\t\t<\/div><!-- wp-show-posts-inner --><\/article><article class=\" wp-show-posts-single post-24307 post type-post status-publish format-standard has-post-thumbnail hentry category-aktuell category-stadtblatt wpsp-col-3\" itemtype=\"http:\/\/schema.org\/CreativeWork\" itemscope><div class=\"wp-show-posts-inner\" style=\"\">\t\t<div class=\"wp-show-posts-image  wpsp-image-center \">\n\t\t\t<a href=\"https:\/\/www.pulheimtv.de\/wp\/der-1-pulheimer-box-club-1978-e-v-hat-einen-neuen-mittelrheinmeister\/\"  title=\"Der 1. Pulheimer Box-Club 1978 e.V. hat einen neuen Mittelrheinmeister\">\t\t\t\t\t<img src=\"https:\/\/www.pulheimtv.de\/wp\/wp-content\/uploads\/2022\/02\/Bildschirmfoto_2022-02-16_um_20.52.15-800x450.png\" alt=\"Der 1. Pulheimer Box-Club 1978 e.V. hat einen neuen Mittelrheinmeister\" itemprop=\"image\" class=\"center\" \/>\n\t\t\t\t<\/a>\t\t<\/div>\n\t\t\t\t\t\t\t\t<header class=\"wp-show-posts-entry-header\">\n\t\t\t\t\t\t\t<h5 class=\"wp-show-posts-entry-title\" itemprop=\"headline\"><a href=\"https:\/\/www.pulheimtv.de\/wp\/der-1-pulheimer-box-club-1978-e-v-hat-einen-neuen-mittelrheinmeister\/\" rel=\"bookmark\">Der 1. Pulheimer Box-Club 1978 e.V. hat einen neuen Mittelrheinmeister<\/a><\/h5>\t\t\t\t\t\t<\/header><!-- .entry-header -->\n\t\t\t\t\t\t\t\t\t\t\t<div class=\"wp-show-posts-entry-summary\" itemprop=\"text\">\n\t\t\t\t\t\t\t<p>Nach intensiven internen Ausscheidungen meldete der 1. Pulheimer Box-Club 1978 e. V. den 14-j\u00e4hrigen Metehan \u00d6zer f\u00fcr die in diesem Jahr in K\u00f6ln ausgerichteten Mittelrheinmeisterschaften der Kadetten im Olympischen Boxen.&nbsp;Im Halbfinale traf der Athlet des 1. Pulheimer Box-Clubs 1978 e&#8230;.<\/p>\n\t\t\t\t\t\t<\/div><!-- .entry-summary -->\n\t\t\t\t\t<\/div><!-- wp-show-posts-inner --><\/article><div class=\"wpsp-clear\"><\/div><\/section><!-- .wp-show-posts --> <\/div>\n                <\/div>\n              <\/div>\n            <\/div>\n          <\/div>\n        <\/div>\n      <\/div>\n    <\/section>\n    <section class=\"u-align-center u-clearfix u-palette-1-light-2 u-section-5\" id=\"sec-981e\">\n      <div class=\"u-clearfix u-sheet u-valign-middle u-sheet-1\">\n        <div class=\"u-align-center u-expanded-width u-shortcode u-shortcode-1\"><style id=\"bwg-style-0\">    #bwg_container1_0 #bwg_container2_0 .bwg-container-0.bwg-standard-thumbnails {      width: 1010px;      justify-content: center;              margin-left: auto;        margin-right: auto;              background-color: rgba(255, 255, 255, 0.00);            padding-left: 10px;      padding-top: 10px;      max-width: 100%;            }        #bwg_container1_0 #bwg_container2_0 .bwg-container-0.bwg-standard-thumbnails .bwg-item {      justify-content: flex-start;      max-width: 200px;          }    #bwg_container1_0 #bwg_container2_0 .bwg-container-0.bwg-standard-thumbnails .bwg-item > a {       margin-right: 10px;       margin-bottom: 10px;    }    #bwg_container1_0 #bwg_container2_0 .bwg-container-0.bwg-standard-thumbnails .bwg-item0 {      padding: 1px;      background-color: #FFFFFF;      border: 0px none #CCCCCC;      opacity: 1.00;      border-radius: 0;      box-shadow: ;    }    #bwg_container1_0 #bwg_container2_0 .bwg-container-0.bwg-standard-thumbnails .bwg-item1 img {      max-height: none;      max-width: none;      padding: 0 !important;    }         @media only screen and (min-width: 480px) {\t\t#bwg_container1_0 #bwg_container2_0 .bwg-container-0.bwg-standard-thumbnails .bwg-item1 img {\t\t\t-webkit-transition: all .3s; transition: all .3s;\t\t}\t\t#bwg_container1_0 #bwg_container2_0 .bwg-container-0.bwg-standard-thumbnails .bwg-item1 img:hover {\t\t\t-ms-transform: scale(1.04);\t\t\t-webkit-transform: scale(1.04);\t\t\ttransform: scale(1.04);\t\t}\t\t      }\t    #bwg_container1_0 #bwg_container2_0 .bwg-container-0.bwg-standard-thumbnails .bwg-item1 {      padding-top: 50%;    }        #bwg_container1_0 #bwg_container2_0 .bwg-container-0.bwg-standard-thumbnails .bwg-title2,    #bwg_container1_0 #bwg_container2_0 .bwg-container-0.bwg-standard-thumbnails .bwg-ecommerce2 {      color: #323A45;      font-family: arial;      font-size: 16px;      font-weight: bold;      padding: 2px;      text-shadow: ;      max-height: 100%;    }    #bwg_container1_0 #bwg_container2_0 .bwg-container-0.bwg-standard-thumbnails .bwg-thumb-description span {    color: #323A45;    font-family: arial;    font-size: 12px;    max-height: 100%;    word-wrap: break-word;    }    #bwg_container1_0 #bwg_container2_0 .bwg-container-0.bwg-standard-thumbnails .bwg-play-icon2 {      font-size: 32px;    }    #bwg_container1_0 #bwg_container2_0 .bwg-container-0.bwg-standard-thumbnails .bwg-ecommerce2 {      font-size: 19.2px;      color: #323A45;    }    <\/style>    <div id=\"bwg_container1_0\"         class=\"bwg_container bwg_thumbnail bwg_thumbnails\"         data-right-click-protection=\"0\"         data-bwg=\"0\"         data-current-url=\"https:\/\/www.pulheimtv.de\/wp\/wp-json\/wp\/v2\/pages\/26461\"         data-lightbox-url=\"https:\/\/www.pulheimtv.de\/wp\/wp-admin\/admin-ajax.php?action=GalleryBox&current_view=0&gallery_id=0&tag=0&theme_id=1&shortcode_id=2&sort_by=casual&order_by=asc&current_url=https%3A%2F%2Fwww.pulheimtv.de%2Fwp%2Fwp-json%2Fwp%2Fv2%2Fpages%2F26461\"         data-gallery-id=\"0\"         data-popup-width=\"800\"         data-popup-height=\"500\"         data-buttons-position=\"bottom\">      <div id=\"bwg_container2_0\">             <div id=\"ajax_loading_0\" class=\"bwg_loading_div_1\">      <div class=\"bwg_loading_div_2\">        <div class=\"bwg_loading_div_3\">          <div id=\"loading_div_0\" class=\"bwg_spider_ajax_loading\">          <\/div>        <\/div>      <\/div>    <\/div>            <form id=\"gal_front_form_0\"              class=\"bwg-hidden\"              method=\"post\"              action=\"#\"              data-current=\"0\"              data-shortcode-id=\"2\"              data-gallery-type=\"thumbnails\"              data-gallery-id=\"0\"              data-tag=\"0\"              data-album-id=\"0\"              data-theme-id=\"1\"              data-ajax-url=\"https:\/\/www.pulheimtv.de\/wp\/wp-admin\/admin-ajax.php?action=bwg_frontend_data\">          <div id=\"bwg_container3_0\" class=\"bwg-background bwg-background-0\">                <div data-max-count=\"5\"         data-thumbnail-width=\"200\"         data-bwg=\"0\"         data-gallery-id=\"0\"         data-lightbox-url=\"https:\/\/www.pulheimtv.de\/wp\/wp-admin\/admin-ajax.php?action=GalleryBox&current_view=0&gallery_id=0&tag=0&theme_id=1&shortcode_id=2&sort_by=casual&order_by=asc&current_url=https%3A%2F%2Fwww.pulheimtv.de%2Fwp%2Fwp-json%2Fwp%2Fv2%2Fpages%2F26461\"         id=\"bwg_thumbnails_0\"         class=\"bwg-container-0 bwg-thumbnails bwg-standard-thumbnails bwg-container bwg-border-box\">            <div class=\"bwg-item\">        <a class=\"bwg-a\" >                <div class=\"bwg-item0  lazy_loader \">          <div class=\"bwg-item1 \">            <div class=\"bwg-item2\">              <img class=\"skip-lazy bwg_standart_thumb_img_0  bwg_lazyload \"                   data-id=\"9\"                   data-width=\"320\"                   data-height=\"160\"                   data-original=\"https:\/\/www.pulheimtv.de\/wp\/wp-content\/uploads\/photo-gallery\/imported_from_media_libray\/thumb\/Banner_Wirtshaus_320x160.jpg?bwg=1648933027\"                   src=\"https:\/\/www.pulheimtv.de\/wp\/wp-content\/plugins\/photo-gallery\/images\/lazy_placeholder.gif\"                   alt=\"Banner_Wirtshaus_320x160\" \/>            <\/div>            <div class=\"\">                                                      <\/div>          <\/div>        <\/div>                                <\/a>      <\/div>            <div class=\"bwg-item\">        <a class=\"bwg-a\"  href=\"http:\/\/www.mcreation.media\" target=\"_blank\">                <div class=\"bwg-item0  lazy_loader \">          <div class=\"bwg-item1 \">            <div class=\"bwg-item2\">              <img class=\"skip-lazy bwg_standart_thumb_img_0  bwg_lazyload \"                   data-id=\"4\"                   data-width=\"320\"                   data-height=\"180\"                   data-original=\"https:\/\/www.pulheimtv.de\/wp\/wp-content\/uploads\/photo-gallery\/imported_from_media_libray\/thumb\/Banner_mcreation_320x180.jpg?bwg=1587716207\"                   src=\"https:\/\/www.pulheimtv.de\/wp\/wp-content\/plugins\/photo-gallery\/images\/lazy_placeholder.gif\"                   alt=\"m:creation\" \/>            <\/div>            <div class=\"\">                                                      <\/div>          <\/div>        <\/div>                                <\/a>      <\/div>            <div class=\"bwg-item\">        <a class=\"bwg-a\"  href=\"http:\/\/www.gvg.de\" target=\"_blank\">                <div class=\"bwg-item0  lazy_loader \">          <div class=\"bwg-item1 \">            <div class=\"bwg-item2\">              <img class=\"skip-lazy bwg_standart_thumb_img_0  bwg_lazyload \"                   data-id=\"1\"                   data-width=\"320\"                   data-height=\"180\"                   data-original=\"https:\/\/www.pulheimtv.de\/wp\/wp-content\/uploads\/photo-gallery\/imported_from_media_libray\/thumb\/Banner_GVG_320x180.jpg?bwg=1587716207\"                   src=\"https:\/\/www.pulheimtv.de\/wp\/wp-content\/plugins\/photo-gallery\/images\/lazy_placeholder.gif\"                   alt=\"GVG Rhein-Erft\" \/>            <\/div>            <div class=\"\">                                                      <\/div>          <\/div>        <\/div>                                <\/a>      <\/div>            <div class=\"bwg-item\">        <a class=\"bwg-a\"  href=\"http:\/\/www.bumen-boon.de\" target=\"_blank\">                <div class=\"bwg-item0  lazy_loader \">          <div class=\"bwg-item1 \">            <div class=\"bwg-item2\">              <img class=\"skip-lazy bwg_standart_thumb_img_0  bwg_lazyload \"                   data-id=\"2\"                   data-width=\"320\"                   data-height=\"180\"                   data-original=\"https:\/\/www.pulheimtv.de\/wp\/wp-content\/uploads\/photo-gallery\/imported_from_media_libray\/thumb\/Banner_Boon_320x180.jpg?bwg=1587716207\"                   src=\"https:\/\/www.pulheimtv.de\/wp\/wp-content\/plugins\/photo-gallery\/images\/lazy_placeholder.gif\"                   alt=\"Blumen Boon\" \/>            <\/div>            <div class=\"\">                                                      <\/div>          <\/div>        <\/div>                                <\/a>      <\/div>            <div class=\"bwg-item\">        <a class=\"bwg-a\" >                <div class=\"bwg-item0  lazy_loader \">          <div class=\"bwg-item1 \">            <div class=\"bwg-item2\">              <img class=\"skip-lazy bwg_standart_thumb_img_0  bwg_lazyload \"                   data-id=\"6\"                   data-width=\"240\"                   data-height=\"120\"                   data-original=\"https:\/\/www.pulheimtv.de\/wp\/wp-content\/uploads\/photo-gallery\/imported_from_media_libray\/thumb\/Banner_Pulheim_lokal_240x120.jpg?bwg=1648932672\"                   src=\"https:\/\/www.pulheimtv.de\/wp\/wp-content\/plugins\/photo-gallery\/images\/lazy_placeholder.gif\"                   alt=\"Pulheim lokal\" \/>            <\/div>            <div class=\"\">                                                      <\/div>          <\/div>        <\/div>                                <\/a>      <\/div>          <\/div>              <\/div>        <\/form>                <\/div>    <\/div>    <script>      jQuery(document).ready(function () {        bwg_main_ready();      });    <\/script>     <\/div>\n      <\/div>\n    <\/section>\n    \n    \n  \n","protected":false},"excerpt":{"rendered":"<p>Stadtblatt aktuell<\/p>\n","protected":false},"author":1,"featured_media":0,"parent":0,"menu_order":0,"comment_status":"closed","ping_status":"closed","template":"","meta":[],"jetpack_sharing_enabled":true,"jetpack_likes_enabled":false,"_links":{"self":[{"href":"https:\/\/www.pulheimtv.de\/wp\/wp-json\/wp\/v2\/pages\/26461"}],"collection":[{"href":"https:\/\/www.pulheimtv.de\/wp\/wp-json\/wp\/v2\/pages"}],"about":[{"href":"https:\/\/www.pulheimtv.de\/wp\/wp-json\/wp\/v2\/types\/page"}],"author":[{"embeddable":true,"href":"https:\/\/www.pulheimtv.de\/wp\/wp-json\/wp\/v2\/users\/1"}],"replies":[{"embeddable":true,"href":"https:\/\/www.pulheimtv.de\/wp\/wp-json\/wp\/v2\/comments?post=26461"}],"version-history":[{"count":8,"href":"https:\/\/www.pulheimtv.de\/wp\/wp-json\/wp\/v2\/pages\/26461\/revisions"}],"predecessor-version":[{"id":26947,"href":"https:\/\/www.pulheimtv.de\/wp\/wp-json\/wp\/v2\/pages\/26461\/revisions\/26947"}],"wp:attachment":[{"href":"https:\/\/www.pulheimtv.de\/wp\/wp-json\/wp\/v2\/media?parent=26461"}],"curies":[{"name":"wp","href":"https:\/\/api.w.org\/{rel}","templated":true}]}}